{"id":24977,"date":"2020-01-21T12:43:44","date_gmt":"2020-01-21T11:43:44","guid":{"rendered":"https:\/\/www.arhammar.se\/blog\/?page_id=24977"},"modified":"2026-01-15T19:26:35","modified_gmt":"2026-01-15T18:26:35","slug":"vagen-till-pappas-grav","status":"publish","type":"page","link":"https:\/\/www.arhammar.se\/blog\/vagen-till-pappas-grav\/","title":{"rendered":"V\u00e4gen till pappas grav"},"content":{"rendered":"<div class=\"et_pb_section_0 et_pb_section et_section_regular et_block_section\"><div class=\"et_pb_row_0 et_pb_row et_block_row\"><div class=\"et_pb_column_0 et_pb_column et_pb_column_4_4 et-last-child et_block_column et_pb_css_mix_blend_mode_passthrough\"><div class=\"et_pb_divider_0 et_pb_divider et_pb_space et_pb_divider_position_top et_pb_module\"><div class=\"et_pb_divider_internal\"><\/div><\/div><div class=\"et_pb_text_0 et_pb_text et_pb_bg_layout_light et_pb_module et_block_module et_pb_text_align_center\"><div class=\"et_pb_text_inner\"><p>Projektet tar form. N\u00e4r v\u00e4gen blir resan, f\u00e5r man stanna upp mellan varven och se sig om.<\/p>\n<\/div><\/div><div class=\"et_pb_blog_0 et_pb_blog et_pb_bg_layout_light et_pb_posts et_pb_module\"><div class=\"et_pb_ajax_pagination_container\"><div class=\"et_pb_posts et_grid_module\"><article class=\"et_pb_post et_pb_post_id_24992 clearfix et_pb_blog_item_0_0 post-24992 post type-post status-publish format-standard has-post-thumbnail hentry category-vagen-till-pappas-grav\"><div class=\"et_pb_image_container\"><a href=\"https:\/\/www.arhammar.se\/blog\/min-pappa-ar-forsvunnen\/\" class=\"entry-featured-image-url\"><img loading=\"lazy\" decoding=\"async\" src=\"https:\/\/www.arhammar.se\/blog\/wp-content\/uploads\/2019\/12\/IMG_8479.jpeg\" width=\"400\" height=\"284\" alt=\"Min pappa \u00e4r f\u00f6rsvunnen\" class=\"\" srcset=\"https:\/\/www.arhammar.se\/blog\/wp-content\/uploads\/2019\/12\/IMG_8479.jpeg 479w, https:\/\/www.arhammar.se\/blog\/wp-content\/uploads\/2019\/12\/IMG_8479-400x284.jpeg 480w\" sizes=\"(max-width:479px) 479px, 100vw\" \/><span data-icon=\"\ue050\" class=\"et_overlay et_pb_inline_icon\"><\/span><\/a><\/div><h2 class=\"entry-title\"><a href=\"https:\/\/www.arhammar.se\/blog\/min-pappa-ar-forsvunnen\/\">Min pappa \u00e4r f\u00f6rsvunnen<\/a><\/h2><p class=\"post-meta\">by <span class=\"author vcard\"><a href=\"https:\/\/www.arhammar.se\/blog\/author\/anders\/\" title=\"Posts by Anders Arhammar\" rel=\"author\">Anders Arhammar<\/a><\/span> | <span class=\"published\">Dec 4, 2019<\/span> | <span class=\"entry-categories\"><a href=\"https:\/\/www.arhammar.se\/blog\/category\/vagen-till-pappas-grav\/\" rel=\"tag\">V\u00e4gen till pappas grav<\/a><\/span><\/p><div class=\"post-content\"><div class=\"post-content-inner\"><p>Efter lunch ringer en kvinna upp och s\u00e4ger att n\u00e5gon Gunnar har man \u00e4nnu inte begravt.\u2028 Min pappa \u00e4r inte bara borta, han \u00e4r f\u00f6rsvunnen. hon f\u00f6rs\u00e4krar att hon inte sett fel i sina papper och ber mig kontakta begravningsbyr\u00e5n.\u2028 P\u00e5 Bardels begravningsbyr\u00e5 s\u00e4ger man f\u00f6ga&#8230;<\/p>\n<\/div><a href=\"https:\/\/www.arhammar.se\/blog\/min-pappa-ar-forsvunnen\/\" class=\"more-link\">read more&#8230;<\/a><\/div><\/article><article class=\"et_pb_post et_pb_post_id_24990 clearfix et_pb_blog_item_0_1 post-24990 post type-post status-publish format-standard has-post-thumbnail hentry category-vagen-till-pappas-grav\"><div class=\"et_pb_image_container\"><a href=\"https:\/\/www.arhammar.se\/blog\/en-promenad-lans-en-gang\/\" class=\"entry-featured-image-url\"><img loading=\"lazy\" decoding=\"async\" src=\"https:\/\/www.arhammar.se\/blog\/wp-content\/uploads\/2019\/12\/IMG_9143.jpeg\" width=\"400\" height=\"284\" alt=\"En promenad l\u00e4ngs en g\u00e5ng\" class=\"\" srcset=\"https:\/\/www.arhammar.se\/blog\/wp-content\/uploads\/2019\/12\/IMG_9143.jpeg 479w, https:\/\/www.arhammar.se\/blog\/wp-content\/uploads\/2019\/12\/IMG_9143-400x284.jpeg 480w\" sizes=\"(max-width:479px) 479px, 100vw\" \/><span data-icon=\"\ue050\" class=\"et_overlay et_pb_inline_icon\"><\/span><\/a><\/div><h2 class=\"entry-title\"><a href=\"https:\/\/www.arhammar.se\/blog\/en-promenad-lans-en-gang\/\">En promenad l\u00e4ngs en g\u00e5ng<\/a><\/h2><p class=\"post-meta\">by <span class=\"author vcard\"><a href=\"https:\/\/www.arhammar.se\/blog\/author\/anders\/\" title=\"Posts by Anders Arhammar\" rel=\"author\">Anders Arhammar<\/a><\/span> | <span class=\"published\">Dec 3, 2019<\/span> | <span class=\"entry-categories\"><a href=\"https:\/\/www.arhammar.se\/blog\/category\/vagen-till-pappas-grav\/\" rel=\"tag\">V\u00e4gen till pappas grav<\/a><\/span><\/p><div class=\"post-content\"><div class=\"post-content-inner\"><p>N\u00e4r du g\u00e5r mot minneslunden p\u00e5 Katarina kyrkog\u00e5rd med kyrkan i ryggen, passerar du f\u00f6rst Lars Wivallius grav. \u2028Wivallius var en \u00e4ventyrare som dog 6 april 1669. Han var ocks\u00e5 naturpoet och en ryktbar bedragare som fick tillbringa flera \u00e5r i f\u00e4ngelse. Det var&#8230;<\/p>\n<\/div><a href=\"https:\/\/www.arhammar.se\/blog\/en-promenad-lans-en-gang\/\" class=\"more-link\">read more&#8230;<\/a><\/div><\/article><article class=\"et_pb_post et_pb_post_id_24988 clearfix et_pb_blog_item_0_2 post-24988 post type-post status-publish format-standard has-post-thumbnail hentry category-vagen-till-pappas-grav\"><div class=\"et_pb_image_container\"><a href=\"https:\/\/www.arhammar.se\/blog\/nar-farmor-larde-sig-spela-orgel\/\" class=\"entry-featured-image-url\"><img loading=\"lazy\" decoding=\"async\" src=\"https:\/\/www.arhammar.se\/blog\/wp-content\/uploads\/2019\/12\/2095956.jpg\" width=\"400\" height=\"284\" alt=\"N\u00e4r farmor l\u00e4rde sig spela orgel\" class=\"\" srcset=\"https:\/\/www.arhammar.se\/blog\/wp-content\/uploads\/2019\/12\/2095956.jpg 479w, https:\/\/www.arhammar.se\/blog\/wp-content\/uploads\/2019\/12\/2095956-400x284.jpg 480w\" sizes=\"(max-width:479px) 479px, 100vw\" \/><span data-icon=\"\ue050\" class=\"et_overlay et_pb_inline_icon\"><\/span><\/a><\/div><h2 class=\"entry-title\"><a href=\"https:\/\/www.arhammar.se\/blog\/nar-farmor-larde-sig-spela-orgel\/\">N\u00e4r farmor l\u00e4rde sig spela orgel<\/a><\/h2><p class=\"post-meta\">by <span class=\"author vcard\"><a href=\"https:\/\/www.arhammar.se\/blog\/author\/anders\/\" title=\"Posts by Anders Arhammar\" rel=\"author\">Anders Arhammar<\/a><\/span> | <span class=\"published\">Dec 2, 2019<\/span> | <span class=\"entry-categories\"><a href=\"https:\/\/www.arhammar.se\/blog\/category\/vagen-till-pappas-grav\/\" rel=\"tag\">V\u00e4gen till pappas grav<\/a><\/span><\/p><div class=\"post-content\"><div class=\"post-content-inner\"><p>Hon var ung och vacker. Inte s\u00e5 ung att hon inte visste vad hon gjorde, men ung nog att bejaka sina k\u00e4nslor och leva i nuet utan n\u00e5gra djupare tankar p\u00e5 framtiden. Kanske man kan s\u00e4ga ung nog att vilja leva upp sina dr\u00f6mmar. Och hon var vacker nog att f\u00e5 sina dr\u00f6mmar&#8230;<\/p>\n<\/div><a href=\"https:\/\/www.arhammar.se\/blog\/nar-farmor-larde-sig-spela-orgel\/\" class=\"more-link\">read more&#8230;<\/a><\/div><\/article><\/div><div class=\"pagination clearfix\">\n\t<div class=\"alignleft\"><\/div>\n\t<div class=\"alignright\"><\/div>\n<\/div><\/div><\/div><div class=\"et_pb_divider_1 et_pb_divider et_pb_space et_pb_divider_position_top et_pb_module\"><div class=\"et_pb_divider_internal\"><\/div><\/div><\/div><\/div><\/div><!-- AddThis Advanced Settings generic via filter on the_content --><!-- AddThis Share Buttons generic via filter on the_content -->","protected":false},"excerpt":{"rendered":"<p><!-- AddThis Advanced Settings generic via filter on wp_trim_excerpt --><!-- AddThis Share Buttons generic via filter on wp_trim_excerpt --><\/p>\n","protected":false},"author":2,"featured_media":0,"parent":0,"menu_order":0,"comment_status":"closed","ping_status":"closed","template":"","meta":{"footnotes":""},"class_list":["post-24977","page","type-page","status-publish","hentry"],"yoast_head":"<!-- This site is optimized with the Yoast SEO plugin v27.4 - https:\/\/yoast.com\/product\/yoast-seo-wordpress\/ -->\n<title>V\u00e4gen till pappas grav - @Arhammar bokstavligen<\/title>\n<meta name=\"robots\" content=\"index, follow, max-snippet:-1, max-image-preview:large, max-video-preview:-1\" \/>\n<link rel=\"canonical\" href=\"https:\/\/www.arhammar.se\/blog\/vagen-till-pappas-grav\/\" \/>\n<meta property=\"og:locale\" content=\"en_US\" \/>\n<meta property=\"og:type\" content=\"article\" \/>\n<meta property=\"og:title\" content=\"V\u00e4gen till pappas grav - @Arhammar bokstavligen\" \/>\n<meta property=\"og:url\" content=\"https:\/\/www.arhammar.se\/blog\/vagen-till-pappas-grav\/\" \/>\n<meta property=\"og:site_name\" content=\"@Arhammar bokstavligen\" \/>\n<meta property=\"article:modified_time\" content=\"2026-01-15T18:26:35+00:00\" \/>\n<meta name=\"twitter:card\" content=\"summary_large_image\" \/>\n<script type=\"application\/ld+json\" class=\"yoast-schema-graph\">{\"@context\":\"https:\\\/\\\/schema.org\",\"@graph\":[{\"@type\":\"WebPage\",\"@id\":\"https:\\\/\\\/www.arhammar.se\\\/blog\\\/vagen-till-pappas-grav\\\/\",\"url\":\"https:\\\/\\\/www.arhammar.se\\\/blog\\\/vagen-till-pappas-grav\\\/\",\"name\":\"V\u00e4gen till pappas grav - @Arhammar bokstavligen\",\"isPartOf\":{\"@id\":\"https:\\\/\\\/www.arhammar.se\\\/blog\\\/#website\"},\"datePublished\":\"2020-01-21T11:43:44+00:00\",\"dateModified\":\"2026-01-15T18:26:35+00:00\",\"breadcrumb\":{\"@id\":\"https:\\\/\\\/www.arhammar.se\\\/blog\\\/vagen-till-pappas-grav\\\/#breadcrumb\"},\"inLanguage\":\"en-US\",\"potentialAction\":[{\"@type\":\"ReadAction\",\"target\":[\"https:\\\/\\\/www.arhammar.se\\\/blog\\\/vagen-till-pappas-grav\\\/\"]}]},{\"@type\":\"BreadcrumbList\",\"@id\":\"https:\\\/\\\/www.arhammar.se\\\/blog\\\/vagen-till-pappas-grav\\\/#breadcrumb\",\"itemListElement\":[{\"@type\":\"ListItem\",\"position\":1,\"name\":\"Home\",\"item\":\"https:\\\/\\\/www.arhammar.se\\\/blog\\\/\"},{\"@type\":\"ListItem\",\"position\":2,\"name\":\"V\u00e4gen till pappas grav\"}]},{\"@type\":\"WebSite\",\"@id\":\"https:\\\/\\\/www.arhammar.se\\\/blog\\\/#website\",\"url\":\"https:\\\/\\\/www.arhammar.se\\\/blog\\\/\",\"name\":\"@Arhammar bokstavligen\",\"description\":\"Fr\u00e5n min penna och panna\",\"potentialAction\":[{\"@type\":\"SearchAction\",\"target\":{\"@type\":\"EntryPoint\",\"urlTemplate\":\"https:\\\/\\\/www.arhammar.se\\\/blog\\\/?s={search_term_string}\"},\"query-input\":{\"@type\":\"PropertyValueSpecification\",\"valueRequired\":true,\"valueName\":\"search_term_string\"}}],\"inLanguage\":\"en-US\"}]}<\/script>\n<!-- \/ Yoast SEO plugin. -->","yoast_head_json":{"title":"V\u00e4gen till pappas grav - @Arhammar bokstavligen","robots":{"index":"index","follow":"follow","max-snippet":"max-snippet:-1","max-image-preview":"max-image-preview:large","max-video-preview":"max-video-preview:-1"},"canonical":"https:\/\/www.arhammar.se\/blog\/vagen-till-pappas-grav\/","og_locale":"en_US","og_type":"article","og_title":"V\u00e4gen till pappas grav - @Arhammar bokstavligen","og_url":"https:\/\/www.arhammar.se\/blog\/vagen-till-pappas-grav\/","og_site_name":"@Arhammar bokstavligen","article_modified_time":"2026-01-15T18:26:35+00:00","twitter_card":"summary_large_image","schema":{"@context":"https:\/\/schema.org","@graph":[{"@type":"WebPage","@id":"https:\/\/www.arhammar.se\/blog\/vagen-till-pappas-grav\/","url":"https:\/\/www.arhammar.se\/blog\/vagen-till-pappas-grav\/","name":"V\u00e4gen till pappas grav - @Arhammar bokstavligen","isPartOf":{"@id":"https:\/\/www.arhammar.se\/blog\/#website"},"datePublished":"2020-01-21T11:43:44+00:00","dateModified":"2026-01-15T18:26:35+00:00","breadcrumb":{"@id":"https:\/\/www.arhammar.se\/blog\/vagen-till-pappas-grav\/#breadcrumb"},"inLanguage":"en-US","potentialAction":[{"@type":"ReadAction","target":["https:\/\/www.arhammar.se\/blog\/vagen-till-pappas-grav\/"]}]},{"@type":"BreadcrumbList","@id":"https:\/\/www.arhammar.se\/blog\/vagen-till-pappas-grav\/#breadcrumb","itemListElement":[{"@type":"ListItem","position":1,"name":"Home","item":"https:\/\/www.arhammar.se\/blog\/"},{"@type":"ListItem","position":2,"name":"V\u00e4gen till pappas grav"}]},{"@type":"WebSite","@id":"https:\/\/www.arhammar.se\/blog\/#website","url":"https:\/\/www.arhammar.se\/blog\/","name":"@Arhammar bokstavligen","description":"Fr\u00e5n min penna och panna","potentialAction":[{"@type":"SearchAction","target":{"@type":"EntryPoint","urlTemplate":"https:\/\/www.arhammar.se\/blog\/?s={search_term_string}"},"query-input":{"@type":"PropertyValueSpecification","valueRequired":true,"valueName":"search_term_string"}}],"inLanguage":"en-US"}]}},"_links":{"self":[{"href":"https:\/\/www.arhammar.se\/blog\/wp-json\/wp\/v2\/pages\/24977","targetHints":{"allow":["GET"]}}],"collection":[{"href":"https:\/\/www.arhammar.se\/blog\/wp-json\/wp\/v2\/pages"}],"about":[{"href":"https:\/\/www.arhammar.se\/blog\/wp-json\/wp\/v2\/types\/page"}],"author":[{"embeddable":true,"href":"https:\/\/www.arhammar.se\/blog\/wp-json\/wp\/v2\/users\/2"}],"replies":[{"embeddable":true,"href":"https:\/\/www.arhammar.se\/blog\/wp-json\/wp\/v2\/comments?post=24977"}],"version-history":[{"count":6,"href":"https:\/\/www.arhammar.se\/blog\/wp-json\/wp\/v2\/pages\/24977\/revisions"}],"predecessor-version":[{"id":30877,"href":"https:\/\/www.arhammar.se\/blog\/wp-json\/wp\/v2\/pages\/24977\/revisions\/30877"}],"wp:attachment":[{"href":"https:\/\/www.arhammar.se\/blog\/wp-json\/wp\/v2\/media?parent=24977"}],"curies":[{"name":"wp","href":"https:\/\/api.w.org\/{rel}","templated":true}]}}