{"id":24624,"date":"2019-08-06T18:52:38","date_gmt":"2019-08-06T18:52:38","guid":{"rendered":"https:\/\/www.arhammar.se\/projekt\/?page_id=24624"},"modified":"2026-01-15T19:26:34","modified_gmt":"2026-01-15T18:26:34","slug":"teaterstaden-2","status":"publish","type":"page","link":"https:\/\/www.arhammar.se\/blog\/teaterstaden-2\/","title":{"rendered":"Teaterstaden"},"content":{"rendered":"<div class=\"et_pb_section_0 et_pb_section et_section_regular et_block_section\"><div class=\"et_pb_row_0 et_pb_row et_block_row\"><div class=\"et_pb_column_0 et_pb_column et_pb_column_4_4 et-last-child et_block_column et_pb_css_mix_blend_mode_passthrough\"><div class=\"et_pb_menu_0 et_pb_menu et_pb_menu--without-logo et_pb_menu--style-left_aligned et_dropdown_animation_fade et_pb_bg_layout_light et_pb_text_align_right-tablet et_pb_text_align_right-phone et_pb_module et_flex_module\"><div class=\"et_pb_menu_inner_container et_flex_module\"><div class=\"et_pb_menu__wrap\"><div class=\"et_pb_menu__menu\"><nav class=\"et-menu-nav\"><ul id=\"menu-egen-meny\" class=\"et-menu nav downwards\"><li id=\"menu-item-6759\" class=\"et_pb_menu_page_id-6759 menu-item menu-item-type-custom menu-item-object-custom menu-item-home menu-item-6759\"><a href=\"http:\/\/www.arhammar.se\/blog\/\">Home<\/a><\/li>\n<li id=\"menu-item-25618\" class=\"et_pb_menu_page_id-24582 menu-item menu-item-type-post_type menu-item-object-page menu-item-25618\"><a href=\"https:\/\/www.arhammar.se\/blog\/mormor-livet-och-karleken\/\">Mormor, livet och k\u00e4rleken<\/a><\/li>\n<li id=\"menu-item-25019\" class=\"et_pb_menu_page_id-24876 menu-item menu-item-type-post_type menu-item-object-page menu-item-25019\"><a href=\"https:\/\/www.arhammar.se\/blog\/projekt\/\">Projekt<\/a><\/li>\n<li id=\"menu-item-10305\" class=\"et_pb_menu_page_id-10305 menu-item menu-item-type-custom menu-item-object-custom menu-item-10305\"><a href=\"http:\/\/www.apforlaget.se\">B\u00f6cker<\/a><\/li>\n<\/ul><\/nav><\/div><div class=\"et_mobile_nav_menu\"><div class=\"mobile_nav closed\"><span class=\"mobile_menu_bar\"><\/span><\/div><\/div><\/div><\/div><\/div><div class=\"et_pb_divider_0 et_pb_divider et_pb_space et_pb_divider_position_top et_pb_module\"><div class=\"et_pb_divider_internal\"><\/div><\/div><div class=\"et_pb_text_0 et_pb_text et_pb_bg_layout_light et_pb_module et_block_module et_pb_text_align_center\"><div class=\"et_pb_text_inner\"><p>Teaterstaden f\u00f6rs\u00f6ker hitta r\u00e4tt tonfall, med sm\u00e5 ledtr\u00e5dar och historier som dyker upp i k\u00f6lvattnet runt tilja och rid\u00e5.<\/p>\n<\/div><\/div><div class=\"et_pb_blog_0 et_pb_blog et_pb_bg_layout_light et_pb_posts et_pb_module\"><div class=\"et_pb_ajax_pagination_container\"><div class=\"et_pb_posts et_grid_module\"><article class=\"et_pb_post et_pb_post_id_25029 clearfix et_pb_no_thumb et_pb_blog_item_0_0 post-25029 post type-post status-publish format-standard hentry category-teaterstaden\"><h2 class=\"entry-title\"><a href=\"https:\/\/www.arhammar.se\/blog\/aldersnoja\/\">\u00c5ldersnoja<\/a><\/h2><p class=\"post-meta\">by <span class=\"author vcard\"><a href=\"https:\/\/www.arhammar.se\/blog\/author\/anders\/\" title=\"Posts by Anders Arhammar\" rel=\"author\">Anders Arhammar<\/a><\/span> | <span class=\"published\">Dec 4, 2019<\/span> | <span class=\"entry-categories\"><a href=\"https:\/\/www.arhammar.se\/blog\/category\/teaterstaden\/\" rel=\"tag\">teaterstaden<\/a><\/span><\/p><div class=\"post-content\"><div class=\"post-content-inner\"><p>p\u00e5minner om en favorithistoria som jag nyligen h\u00f6rde i utvecklad form. Originalet: \u201dF\u00f6rr var det vin, kvinnor och s\u00e5ng, nu f\u00e5r man vara glad om man har normal avf\u00f6ring.\u201d Senast jag h\u00f6rde den var det : \u201dF\u00f6rr var det vin, kvinnor och s\u00e5ng, nu pissar jag i kors med mig&#8230;<\/p>\n<\/div><a href=\"https:\/\/www.arhammar.se\/blog\/aldersnoja\/\" class=\"more-link\">read more&#8230;<\/a><\/div><\/article><article class=\"et_pb_post et_pb_post_id_25027 clearfix et_pb_no_thumb et_pb_blog_item_0_1 post-25027 post type-post status-publish format-standard hentry category-teaterstaden\"><h2 class=\"entry-title\"><a href=\"https:\/\/www.arhammar.se\/blog\/sifo-kvinnan-gor-entre\/\">SIFO kvinnan g\u00f6r entr\u00e9<\/a><\/h2><p class=\"post-meta\">by <span class=\"author vcard\"><a href=\"https:\/\/www.arhammar.se\/blog\/author\/anders\/\" title=\"Posts by Anders Arhammar\" rel=\"author\">Anders Arhammar<\/a><\/span> | <span class=\"published\">Nov 21, 2019<\/span> | <span class=\"entry-categories\"><a href=\"https:\/\/www.arhammar.se\/blog\/category\/teaterstaden\/\" rel=\"tag\">teaterstaden<\/a><\/span><\/p><div class=\"post-content\"><div class=\"post-content-inner\"><p>&#8220;Hej hur \u00e4r l\u00e4\u00e4\u00e4\u00e4geeet??&#8221; &#8220;M\u00e5r ni braaa??&#8221; &#8220;\u00c4r ni laddade f\u00f6r kv\u00e4llen??&#8221; Hon pustar ut n\u00e5gra sekunder och skriver p\u00e5 ett papper samtidigt som hon s\u00e4ger &#8220;Hur \u00e4r l\u00e4get&#8221;: 65% bra, 20% Wohooo, 15% Vet ej.&#8221; &#8220;M\u00e5r&#8230;<\/p>\n<\/div><a href=\"https:\/\/www.arhammar.se\/blog\/sifo-kvinnan-gor-entre\/\" class=\"more-link\">read more&#8230;<\/a><\/div><\/article><article class=\"et_pb_post et_pb_post_id_25028 clearfix et_pb_no_thumb et_pb_blog_item_0_2 post-25028 post type-post status-publish format-standard hentry category-teaterstaden\"><h2 class=\"entry-title\"><a href=\"https:\/\/www.arhammar.se\/blog\/ramberattelse\/\">Ramber\u00e4ttelse<\/a><\/h2><p class=\"post-meta\">by <span class=\"author vcard\"><a href=\"https:\/\/www.arhammar.se\/blog\/author\/anders\/\" title=\"Posts by Anders Arhammar\" rel=\"author\">Anders Arhammar<\/a><\/span> | <span class=\"published\">Oct 21, 2019<\/span> | <span class=\"entry-categories\"><a href=\"https:\/\/www.arhammar.se\/blog\/category\/teaterstaden\/\" rel=\"tag\">teaterstaden<\/a><\/span><\/p><div class=\"post-content\"><div class=\"post-content-inner\"><p>En tjej sitter framf\u00f6r ett sminkbord i ett relativt stort sovrum och pratar med sig sj\u00e4lv i spegeln. Men hon pratar ocks\u00e5 med omgivningen, med radion, med tidningen, s\u00e4ngen, sina kl\u00e4der. D\u00e5 och d\u00e5 ropar hon \u00e5t n\u00e5gon utanf\u00f6r bild. H\u00e4r finns plats f\u00f6r en roll till,&#8230;<\/p>\n<\/div><a href=\"https:\/\/www.arhammar.se\/blog\/ramberattelse\/\" class=\"more-link\">read more&#8230;<\/a><\/div><\/article><\/div><div class=\"pagination clearfix\">\n\t<div class=\"alignleft\"><\/div>\n\t<div class=\"alignright\"><\/div>\n<\/div><\/div><\/div><div class=\"et_pb_divider_1 et_pb_divider et_pb_space et_pb_divider_position_top et_pb_module\"><div class=\"et_pb_divider_internal\"><\/div><\/div><\/div><\/div><\/div><!-- AddThis Advanced Settings generic via filter on the_content --><!-- AddThis Share Buttons generic via filter on the_content -->","protected":false},"excerpt":{"rendered":"<p><!-- AddThis Advanced Settings generic via filter on wp_trim_excerpt --><!-- AddThis Share Buttons generic via filter on wp_trim_excerpt --><\/p>\n","protected":false},"author":2,"featured_media":0,"parent":0,"menu_order":0,"comment_status":"closed","ping_status":"closed","template":"page-template-blank.php","meta":{"footnotes":""},"class_list":["post-24624","page","type-page","status-publish","hentry"],"yoast_head":"<!-- This site is optimized with the Yoast SEO plugin v27.4 - https:\/\/yoast.com\/product\/yoast-seo-wordpress\/ -->\n<title>Teaterstaden - @Arhammar bokstavligen<\/title>\n<meta name=\"robots\" content=\"index, follow, max-snippet:-1, max-image-preview:large, max-video-preview:-1\" \/>\n<link rel=\"canonical\" href=\"https:\/\/www.arhammar.se\/blog\/teaterstaden-2\/\" \/>\n<meta property=\"og:locale\" content=\"en_US\" \/>\n<meta property=\"og:type\" content=\"article\" \/>\n<meta property=\"og:title\" content=\"Teaterstaden - @Arhammar bokstavligen\" \/>\n<meta property=\"og:url\" content=\"https:\/\/www.arhammar.se\/blog\/teaterstaden-2\/\" \/>\n<meta property=\"og:site_name\" content=\"@Arhammar bokstavligen\" \/>\n<meta property=\"article:modified_time\" content=\"2026-01-15T18:26:34+00:00\" \/>\n<meta name=\"twitter:card\" content=\"summary_large_image\" \/>\n<script type=\"application\/ld+json\" class=\"yoast-schema-graph\">{\"@context\":\"https:\\\/\\\/schema.org\",\"@graph\":[{\"@type\":\"WebPage\",\"@id\":\"https:\\\/\\\/www.arhammar.se\\\/blog\\\/teaterstaden-2\\\/\",\"url\":\"https:\\\/\\\/www.arhammar.se\\\/blog\\\/teaterstaden-2\\\/\",\"name\":\"Teaterstaden - @Arhammar bokstavligen\",\"isPartOf\":{\"@id\":\"https:\\\/\\\/www.arhammar.se\\\/blog\\\/#website\"},\"datePublished\":\"2019-08-06T18:52:38+00:00\",\"dateModified\":\"2026-01-15T18:26:34+00:00\",\"breadcrumb\":{\"@id\":\"https:\\\/\\\/www.arhammar.se\\\/blog\\\/teaterstaden-2\\\/#breadcrumb\"},\"inLanguage\":\"en-US\",\"potentialAction\":[{\"@type\":\"ReadAction\",\"target\":[\"https:\\\/\\\/www.arhammar.se\\\/blog\\\/teaterstaden-2\\\/\"]}]},{\"@type\":\"BreadcrumbList\",\"@id\":\"https:\\\/\\\/www.arhammar.se\\\/blog\\\/teaterstaden-2\\\/#breadcrumb\",\"itemListElement\":[{\"@type\":\"ListItem\",\"position\":1,\"name\":\"Home\",\"item\":\"https:\\\/\\\/www.arhammar.se\\\/blog\\\/\"},{\"@type\":\"ListItem\",\"position\":2,\"name\":\"Teaterstaden\"}]},{\"@type\":\"WebSite\",\"@id\":\"https:\\\/\\\/www.arhammar.se\\\/blog\\\/#website\",\"url\":\"https:\\\/\\\/www.arhammar.se\\\/blog\\\/\",\"name\":\"@Arhammar bokstavligen\",\"description\":\"Fr\u00e5n min penna och panna\",\"potentialAction\":[{\"@type\":\"SearchAction\",\"target\":{\"@type\":\"EntryPoint\",\"urlTemplate\":\"https:\\\/\\\/www.arhammar.se\\\/blog\\\/?s={search_term_string}\"},\"query-input\":{\"@type\":\"PropertyValueSpecification\",\"valueRequired\":true,\"valueName\":\"search_term_string\"}}],\"inLanguage\":\"en-US\"}]}<\/script>\n<!-- \/ Yoast SEO plugin. -->","yoast_head_json":{"title":"Teaterstaden - @Arhammar bokstavligen","robots":{"index":"index","follow":"follow","max-snippet":"max-snippet:-1","max-image-preview":"max-image-preview:large","max-video-preview":"max-video-preview:-1"},"canonical":"https:\/\/www.arhammar.se\/blog\/teaterstaden-2\/","og_locale":"en_US","og_type":"article","og_title":"Teaterstaden - @Arhammar bokstavligen","og_url":"https:\/\/www.arhammar.se\/blog\/teaterstaden-2\/","og_site_name":"@Arhammar bokstavligen","article_modified_time":"2026-01-15T18:26:34+00:00","twitter_card":"summary_large_image","schema":{"@context":"https:\/\/schema.org","@graph":[{"@type":"WebPage","@id":"https:\/\/www.arhammar.se\/blog\/teaterstaden-2\/","url":"https:\/\/www.arhammar.se\/blog\/teaterstaden-2\/","name":"Teaterstaden - @Arhammar bokstavligen","isPartOf":{"@id":"https:\/\/www.arhammar.se\/blog\/#website"},"datePublished":"2019-08-06T18:52:38+00:00","dateModified":"2026-01-15T18:26:34+00:00","breadcrumb":{"@id":"https:\/\/www.arhammar.se\/blog\/teaterstaden-2\/#breadcrumb"},"inLanguage":"en-US","potentialAction":[{"@type":"ReadAction","target":["https:\/\/www.arhammar.se\/blog\/teaterstaden-2\/"]}]},{"@type":"BreadcrumbList","@id":"https:\/\/www.arhammar.se\/blog\/teaterstaden-2\/#breadcrumb","itemListElement":[{"@type":"ListItem","position":1,"name":"Home","item":"https:\/\/www.arhammar.se\/blog\/"},{"@type":"ListItem","position":2,"name":"Teaterstaden"}]},{"@type":"WebSite","@id":"https:\/\/www.arhammar.se\/blog\/#website","url":"https:\/\/www.arhammar.se\/blog\/","name":"@Arhammar bokstavligen","description":"Fr\u00e5n min penna och panna","potentialAction":[{"@type":"SearchAction","target":{"@type":"EntryPoint","urlTemplate":"https:\/\/www.arhammar.se\/blog\/?s={search_term_string}"},"query-input":{"@type":"PropertyValueSpecification","valueRequired":true,"valueName":"search_term_string"}}],"inLanguage":"en-US"}]}},"_links":{"self":[{"href":"https:\/\/www.arhammar.se\/blog\/wp-json\/wp\/v2\/pages\/24624","targetHints":{"allow":["GET"]}}],"collection":[{"href":"https:\/\/www.arhammar.se\/blog\/wp-json\/wp\/v2\/pages"}],"about":[{"href":"https:\/\/www.arhammar.se\/blog\/wp-json\/wp\/v2\/types\/page"}],"author":[{"embeddable":true,"href":"https:\/\/www.arhammar.se\/blog\/wp-json\/wp\/v2\/users\/2"}],"replies":[{"embeddable":true,"href":"https:\/\/www.arhammar.se\/blog\/wp-json\/wp\/v2\/comments?post=24624"}],"version-history":[{"count":6,"href":"https:\/\/www.arhammar.se\/blog\/wp-json\/wp\/v2\/pages\/24624\/revisions"}],"predecessor-version":[{"id":30875,"href":"https:\/\/www.arhammar.se\/blog\/wp-json\/wp\/v2\/pages\/24624\/revisions\/30875"}],"wp:attachment":[{"href":"https:\/\/www.arhammar.se\/blog\/wp-json\/wp\/v2\/media?parent=24624"}],"curies":[{"name":"wp","href":"https:\/\/api.w.org\/{rel}","templated":true}]}}